{"id":47,"date":"2025-05-27T08:11:07","date_gmt":"2025-05-27T08:11:07","guid":{"rendered":"https:\/\/mikarantakeisu.fi\/?page_id=47"},"modified":"2025-05-28T21:21:30","modified_gmt":"2025-05-28T21:21:30","slug":"ota-yhteytta","status":"publish","type":"page","link":"https:\/\/mikarantakeisu.fi\/index.php\/ota-yhteytta\/","title":{"rendered":"Ota yhteytt\u00e4"},"content":{"rendered":"\n<figure class=\"wp-block-image size-full is-resized\"><img decoding=\"async\" src=\"https:\/\/mikarantakeisu.fi\/wp-content\/uploads\/2025\/05\/image-46.jpg\" alt=\"\" class=\"wp-image-48\" style=\"width:271px;height:auto\"\/><\/figure>\n\n\n\n<p>Insin\u00f6\u00f6ri Mika Rantakeisu <\/p>\n\n\n\n<p>Hopmanninkatu 5 <\/p>\n\n\n\n<p>20200 Turku, Finland<\/p>\n\n\n\n<p>Puh. +358 408480365<\/p>\n\n\n\n<p><a href=\"mailto:mika.rantakeisu1@luukku.com\">mika.rantakeisu1@gmail.com<\/a><\/p>\n\n\n\n<div class=\"wp-block-contact-form-7-contact-form-selector\">\n<div class=\"wpcf7 no-js\" id=\"wpcf7-f77-o1\" lang=\"fi\" dir=\"ltr\" data-wpcf7-id=\"77\">\n<div class=\"screen-reader-response\"><p role=\"status\" aria-live=\"polite\" aria-atomic=\"true\"><\/p> <ul><\/ul><\/div>\n<form action=\"\/index.php\/wp-json\/wp\/v2\/pages\/47#wpcf7-f77-o1\" method=\"post\" class=\"wpcf7-form init\" aria-label=\"Yhteydenottolomake\" novalidate=\"novalidate\" data-status=\"init\">\n<fieldset class=\"hidden-fields-container\"><input type=\"hidden\" name=\"_wpcf7\" value=\"77\" \/><input type=\"hidden\" name=\"_wpcf7_version\" value=\"6.1.5\" \/><input type=\"hidden\" name=\"_wpcf7_locale\" value=\"fi\" \/><input type=\"hidden\" name=\"_wpcf7_unit_tag\" value=\"wpcf7-f77-o1\" \/><input type=\"hidden\" name=\"_wpcf7_container_post\" value=\"0\" \/><input type=\"hidden\" name=\"_wpcf7_posted_data_hash\" value=\"\" \/>\n<\/fieldset>\n<p><label> Nimesi<br \/>\n<span class=\"wpcf7-form-control-wrap\" data-name=\"your-name\"><input size=\"40\" maxlength=\"400\" class=\"wpcf7-form-control wpcf7-text wpcf7-validates-as-required\" autocomplete=\"name\" aria-required=\"true\" aria-invalid=\"false\" value=\"\" type=\"text\" name=\"your-name\" \/><\/span> <\/label>\n<\/p>\n<p><label> S\u00e4hk\u00f6postiosoitteesi<br \/>\n<span class=\"wpcf7-form-control-wrap\" data-name=\"your-email\"><input size=\"40\" maxlength=\"400\" class=\"wpcf7-form-control wpcf7-email wpcf7-validates-as-required wpcf7-text wpcf7-validates-as-email\" autocomplete=\"email\" aria-required=\"true\" aria-invalid=\"false\" value=\"\" type=\"email\" name=\"your-email\" \/><\/span> <\/label>\n<\/p>\n<p><label> Puhelinumerosi<br \/>\n<span class=\"wpcf7-form-control-wrap\" data-name=\"Puh\"><input size=\"40\" maxlength=\"400\" minlength=\"4\" class=\"wpcf7-form-control wpcf7-tel wpcf7-text wpcf7-validates-as-tel\" aria-invalid=\"false\" value=\"\" type=\"tel\" name=\"Puh\" \/><\/span> <\/label>\n<\/p>\n<p><label> Aihe<br \/>\n<span class=\"wpcf7-form-control-wrap\" data-name=\"your-subject\"><input size=\"40\" maxlength=\"400\" class=\"wpcf7-form-control wpcf7-text wpcf7-validates-as-required\" aria-required=\"true\" aria-invalid=\"false\" value=\"\" type=\"text\" name=\"your-subject\" \/><\/span> <\/label>\n<\/p>\n<p><label> Viestisi (valinnainen)<br \/>\n<span class=\"wpcf7-form-control-wrap\" data-name=\"your-message\"><textarea cols=\"40\" rows=\"10\" maxlength=\"2000\" class=\"wpcf7-form-control wpcf7-textarea\" aria-invalid=\"false\" name=\"your-message\"><\/textarea><\/span> <\/label>\n<\/p>\n<p><input class=\"wpcf7-form-control wpcf7-submit has-spinner\" type=\"submit\" value=\"L\u00e4het\u00e4\" \/>\n<\/p><p style=\"display: none !important;\" class=\"akismet-fields-container\" data-prefix=\"_wpcf7_ak_\"><label>&#916;<textarea name=\"_wpcf7_ak_hp_textarea\" cols=\"45\" rows=\"8\" maxlength=\"100\"><\/textarea><\/label><input type=\"hidden\" id=\"ak_js_1\" name=\"_wpcf7_ak_js\" value=\"234\"\/><script>document.getElementById( \"ak_js_1\" ).setAttribute( \"value\", ( new Date() ).getTime() );<\/script><\/p><div class=\"wpcf7-response-output\" aria-hidden=\"true\"><\/div>\n<\/form>\n<\/div>\n<\/div>\n\n\n<p class=\"wp-block-tag-cloud\"><a href=\"https:\/\/mikarantakeisu.fi\/index.php\/tag\/android\/\" class=\"tag-cloud-link tag-link-3 tag-link-position-1\" style=\"font-size: 22pt;\" aria-label=\"android (3 kohdetta)\">android<\/a>\n<a href=\"https:\/\/mikarantakeisu.fi\/index.php\/tag\/androiddevelopment\/\" class=\"tag-cloud-link tag-link-4 tag-link-position-2\" style=\"font-size: 22pt;\" aria-label=\"androiddevelopment (3 kohdetta)\">androiddevelopment<\/a>\n<a href=\"https:\/\/mikarantakeisu.fi\/index.php\/tag\/androidkehitys\/\" class=\"tag-cloud-link tag-link-7 tag-link-position-3\" style=\"font-size: 22pt;\" aria-label=\"androidkehitys (3 kohdetta)\">androidkehitys<\/a>\n<a href=\"https:\/\/mikarantakeisu.fi\/index.php\/tag\/androidsdk\/\" class=\"tag-cloud-link tag-link-6 tag-link-position-4\" style=\"font-size: 22pt;\" aria-label=\"androidsdk (3 kohdetta)\">androidsdk<\/a>\n<a href=\"https:\/\/mikarantakeisu.fi\/index.php\/tag\/androidstudio\/\" class=\"tag-cloud-link tag-link-17 tag-link-position-5\" style=\"font-size: 8pt;\" aria-label=\"androidstudio (1 kohde)\">androidstudio<\/a>\n<a href=\"https:\/\/mikarantakeisu.fi\/index.php\/tag\/freelancer\/\" class=\"tag-cloud-link tag-link-8 tag-link-position-6\" style=\"font-size: 22pt;\" aria-label=\"freelancer (3 kohdetta)\">freelancer<\/a>\n<a href=\"https:\/\/mikarantakeisu.fi\/index.php\/tag\/ios\/\" class=\"tag-cloud-link tag-link-11 tag-link-position-7\" style=\"font-size: 22pt;\" aria-label=\"iOS (3 kohdetta)\">iOS<\/a>\n<a href=\"https:\/\/mikarantakeisu.fi\/index.php\/tag\/java\/\" class=\"tag-cloud-link tag-link-10 tag-link-position-8\" style=\"font-size: 16.4pt;\" aria-label=\"JAVA (2 kohdetta)\">JAVA<\/a>\n<a href=\"https:\/\/mikarantakeisu.fi\/index.php\/tag\/jetpack\/\" class=\"tag-cloud-link tag-link-18 tag-link-position-9\" style=\"font-size: 16.4pt;\" aria-label=\"jetpack (2 kohdetta)\">jetpack<\/a>\n<a href=\"https:\/\/mikarantakeisu.fi\/index.php\/tag\/jetpackcompose\/\" class=\"tag-cloud-link tag-link-19 tag-link-position-10\" style=\"font-size: 8pt;\" aria-label=\"jetpackcompose (1 kohde)\">jetpackcompose<\/a>\n<a href=\"https:\/\/mikarantakeisu.fi\/index.php\/tag\/kotlin\/\" class=\"tag-cloud-link tag-link-9 tag-link-position-11\" style=\"font-size: 22pt;\" aria-label=\"KOTLIN (3 kohdetta)\">KOTLIN<\/a>\n<a href=\"https:\/\/mikarantakeisu.fi\/index.php\/tag\/mobiilikehitys\/\" class=\"tag-cloud-link tag-link-5 tag-link-position-12\" style=\"font-size: 22pt;\" aria-label=\"mobiilikehitys (3 kohdetta)\">mobiilikehitys<\/a>\n<a href=\"https:\/\/mikarantakeisu.fi\/index.php\/tag\/swift\/\" class=\"tag-cloud-link tag-link-13 tag-link-position-13\" style=\"font-size: 8pt;\" aria-label=\"Swift (1 kohde)\">Swift<\/a>\n<a href=\"https:\/\/mikarantakeisu.fi\/index.php\/tag\/xcode\/\" class=\"tag-cloud-link tag-link-12 tag-link-position-14\" style=\"font-size: 22pt;\" aria-label=\"xCode (3 kohdetta)\">xCode<\/a><\/p>","protected":false},"excerpt":{"rendered":"<p>Insin\u00f6\u00f6ri Mika Rantakeisu Hopmanninkatu 5 20200 Turku, Finland Puh. +358 408480365 mika.rantakeisu1@gmail.com<\/p>\n","protected":false},"author":1,"featured_media":65,"parent":0,"menu_order":0,"comment_status":"closed","ping_status":"closed","template":"","meta":{"site-sidebar-layout":"default","site-content-layout":"","ast-site-content-layout":"default","site-content-style":"default","site-sidebar-style":"default","ast-global-header-display":"","ast-banner-title-visibility":"","ast-main-header-display":"","ast-hfb-above-header-display":"","ast-hfb-below-header-display":"","ast-hfb-mobile-header-display":"","site-post-title":"","ast-breadcrumbs-content":"","ast-featured-img":"","footer-sml-layout":"","ast-disable-related-posts":"","theme-transparent-header-meta":"","adv-header-id-meta":"","stick-header-meta":"","header-above-stick-meta":"","header-main-stick-meta":"","header-below-stick-meta":"","astra-migrate-meta-layouts":"default","ast-page-background-enabled":"default","ast-page-background-meta":{"desktop":{"background-color":"var(--ast-global-color-5)","background-image":"","background-repeat":"repeat","background-position":"center center","background-size":"auto","background-attachment":"scroll","background-type":"","background-media":"","overlay-type":"","overlay-color":"","overlay-opacity":"","overlay-gradient":""},"tablet":{"background-color":"","background-image":"","background-repeat":"repeat","background-position":"center center","background-size":"auto","background-attachment":"scroll","background-type":"","background-media":"","overlay-type":"","overlay-color":"","overlay-opacity":"","overlay-gradient":""},"mobile":{"background-color":"","background-image":"","background-repeat":"repeat","background-position":"center center","background-size":"auto","background-attachment":"scroll","background-type":"","background-media":"","overlay-type":"","overlay-color":"","overlay-opacity":"","overlay-gradient":""}},"ast-content-background-meta":{"desktop":{"background-color":"var(--ast-global-color-4)","background-image":"","background-repeat":"repeat","background-position":"center center","background-size":"auto","background-attachment":"scroll","background-type":"","background-media":"","overlay-type":"","overlay-color":"","overlay-opacity":"","overlay-gradient":""},"tablet":{"background-color":"var(--ast-global-color-4)","background-image":"","background-repeat":"repeat","background-position":"center center","background-size":"auto","background-attachment":"scroll","background-type":"","background-media":"","overlay-type":"","overlay-color":"","overlay-opacity":"","overlay-gradient":""},"mobile":{"background-color":"var(--ast-global-color-4)","background-image":"","background-repeat":"repeat","background-position":"center center","background-size":"auto","background-attachment":"scroll","background-type":"","background-media":"","overlay-type":"","overlay-color":"","overlay-opacity":"","overlay-gradient":""}},"footnotes":""},"class_list":["post-47","page","type-page","status-publish","has-post-thumbnail","hentry"],"yoast_head":"<!-- This site is optimized with the Yoast SEO plugin v27.4 - https:\/\/yoast.com\/product\/yoast-seo-wordpress\/ -->\n<title>Ota yhteytt\u00e4 - Mikan Android blogi<\/title>\n<meta name=\"robots\" content=\"index, follow, max-snippet:-1, max-image-preview:large, max-video-preview:-1\" \/>\n<link rel=\"canonical\" href=\"https:\/\/mikarantakeisu.fi\/index.php\/ota-yhteytta\/\" \/>\n<meta property=\"og:locale\" content=\"fi_FI\" \/>\n<meta property=\"og:type\" content=\"article\" \/>\n<meta property=\"og:title\" content=\"Ota yhteytt\u00e4 - Mikan Android blogi\" \/>\n<meta property=\"og:description\" content=\"Insin\u00f6\u00f6ri Mika Rantakeisu Hopmanninkatu 5 20200 Turku, Finland Puh. +358 408480365 mika.rantakeisu1@gmail.com\" \/>\n<meta property=\"og:url\" content=\"https:\/\/mikarantakeisu.fi\/index.php\/ota-yhteytta\/\" \/>\n<meta property=\"og:site_name\" content=\"Mikan Android blogi\" \/>\n<meta property=\"article:publisher\" content=\"https:\/\/www.facebook.com\/MikaRantakeisu\/\" \/>\n<meta property=\"article:modified_time\" content=\"2025-05-28T21:21:30+00:00\" \/>\n<meta property=\"og:image\" content=\"https:\/\/mikarantakeisu.fi\/wp-content\/uploads\/2025\/05\/IMG_20230416_133147.jpg\" \/>\n\t<meta property=\"og:image:width\" content=\"456\" \/>\n\t<meta property=\"og:image:height\" content=\"607\" \/>\n\t<meta property=\"og:image:type\" content=\"image\/jpeg\" \/>\n<meta name=\"twitter:card\" content=\"summary_large_image\" \/>\n<script type=\"application\/ld+json\" class=\"yoast-schema-graph\">{\"@context\":\"https:\\\/\\\/schema.org\",\"@graph\":[{\"@type\":\"WebPage\",\"@id\":\"https:\\\/\\\/mikarantakeisu.fi\\\/index.php\\\/ota-yhteytta\\\/\",\"url\":\"https:\\\/\\\/mikarantakeisu.fi\\\/index.php\\\/ota-yhteytta\\\/\",\"name\":\"Ota yhteytt\u00e4 - Mikan Android blogi\",\"isPartOf\":{\"@id\":\"https:\\\/\\\/mikarantakeisu.fi\\\/#website\"},\"primaryImageOfPage\":{\"@id\":\"https:\\\/\\\/mikarantakeisu.fi\\\/index.php\\\/ota-yhteytta\\\/#primaryimage\"},\"image\":{\"@id\":\"https:\\\/\\\/mikarantakeisu.fi\\\/index.php\\\/ota-yhteytta\\\/#primaryimage\"},\"thumbnailUrl\":\"https:\\\/\\\/mikarantakeisu.fi\\\/wp-content\\\/uploads\\\/2025\\\/05\\\/IMG_20230416_133147.jpg\",\"datePublished\":\"2025-05-27T08:11:07+00:00\",\"dateModified\":\"2025-05-28T21:21:30+00:00\",\"breadcrumb\":{\"@id\":\"https:\\\/\\\/mikarantakeisu.fi\\\/index.php\\\/ota-yhteytta\\\/#breadcrumb\"},\"inLanguage\":\"fi\",\"potentialAction\":[{\"@type\":\"ReadAction\",\"target\":[\"https:\\\/\\\/mikarantakeisu.fi\\\/index.php\\\/ota-yhteytta\\\/\"]}]},{\"@type\":\"ImageObject\",\"inLanguage\":\"fi\",\"@id\":\"https:\\\/\\\/mikarantakeisu.fi\\\/index.php\\\/ota-yhteytta\\\/#primaryimage\",\"url\":\"https:\\\/\\\/mikarantakeisu.fi\\\/wp-content\\\/uploads\\\/2025\\\/05\\\/IMG_20230416_133147.jpg\",\"contentUrl\":\"https:\\\/\\\/mikarantakeisu.fi\\\/wp-content\\\/uploads\\\/2025\\\/05\\\/IMG_20230416_133147.jpg\",\"width\":456,\"height\":607},{\"@type\":\"BreadcrumbList\",\"@id\":\"https:\\\/\\\/mikarantakeisu.fi\\\/index.php\\\/ota-yhteytta\\\/#breadcrumb\",\"itemListElement\":[{\"@type\":\"ListItem\",\"position\":1,\"name\":\"Etusivu\",\"item\":\"https:\\\/\\\/mikarantakeisu.fi\\\/\"},{\"@type\":\"ListItem\",\"position\":2,\"name\":\"Ota yhteytt\u00e4\"}]},{\"@type\":\"WebSite\",\"@id\":\"https:\\\/\\\/mikarantakeisu.fi\\\/#website\",\"url\":\"https:\\\/\\\/mikarantakeisu.fi\\\/\",\"name\":\"Mikan Android blogi\",\"description\":\"Olen mobiilikehityksen ammattilainen. Jo vuosikymmenen kokemus mobiilikehityksest\u00e4.\",\"publisher\":{\"@id\":\"https:\\\/\\\/mikarantakeisu.fi\\\/#\\\/schema\\\/person\\\/b54f5935be5c307dd20f4b4f31568298\"},\"potentialAction\":[{\"@type\":\"SearchAction\",\"target\":{\"@type\":\"EntryPoint\",\"urlTemplate\":\"https:\\\/\\\/mikarantakeisu.fi\\\/?s={search_term_string}\"},\"query-input\":{\"@type\":\"PropertyValueSpecification\",\"valueRequired\":true,\"valueName\":\"search_term_string\"}}],\"inLanguage\":\"fi\"},{\"@type\":[\"Person\",\"Organization\"],\"@id\":\"https:\\\/\\\/mikarantakeisu.fi\\\/#\\\/schema\\\/person\\\/b54f5935be5c307dd20f4b4f31568298\",\"name\":\"admin\",\"image\":{\"@type\":\"ImageObject\",\"inLanguage\":\"fi\",\"@id\":\"https:\\\/\\\/mikarantakeisu.fi\\\/wp-content\\\/uploads\\\/2025\\\/05\\\/image-50.jpg\",\"url\":\"https:\\\/\\\/mikarantakeisu.fi\\\/wp-content\\\/uploads\\\/2025\\\/05\\\/image-50.jpg\",\"contentUrl\":\"https:\\\/\\\/mikarantakeisu.fi\\\/wp-content\\\/uploads\\\/2025\\\/05\\\/image-50.jpg\",\"width\":720,\"height\":960,\"caption\":\"admin\"},\"logo\":{\"@id\":\"https:\\\/\\\/mikarantakeisu.fi\\\/wp-content\\\/uploads\\\/2025\\\/05\\\/image-50.jpg\"},\"description\":\"Minulla on 9 vuoden kokemus Android kehitt\u00e4misest\u00e4. Jona aikana olen toteuttanut lukuisia sovelluksia johtavana kehitt\u00e4j\u00e4. Tehden ominaisuuksia asiakkaan vaatimusten pohjalta ja ottanut monesti t\u00e4yden projekti vastuun mobiilisovelluksen kehityksest\u00e4. Android kehitys on tapahtunut Java- ja Kotlin- kielill\u00e4. Toteuttaen ominaisuuksia k\u00e4ytt\u00e4en lukuisia erilaisia kirjastoja ja pilvipalveluita FireBase Messaging, Jetpack Compose, Coroutines, Flow, Dagger2 ja ViewModel. Toiminnallisuus on tehty k\u00e4ytt\u00e4m\u00e4ll\u00e4 Android-kehityksen yleisi\u00e4 k\u00e4yt\u00e4nt\u00f6j\u00e4, suunnittelumalleja ja arkkitehtuurimalleja, kuten Observer, singleton, MVC ja MVP. Ja tied\u00e4n hyvin API-kehityksen periaatteet, kuten SOLID.\",\"sameAs\":[\"https:\\\/\\\/mikarantakeisu.fi\",\"https:\\\/\\\/www.facebook.com\\\/MikaRantakeisu\\\/\",\"https:\\\/\\\/www.instagram.com\\\/mikarantakeisu\\\/\",\"https:\\\/\\\/fi.linkedin.com\\\/in\\\/mikarantakeisu\"]}]}<\/script>\n<!-- \/ Yoast SEO plugin. -->","yoast_head_json":{"title":"Ota yhteytt\u00e4 - Mikan Android blogi","robots":{"index":"index","follow":"follow","max-snippet":"max-snippet:-1","max-image-preview":"max-image-preview:large","max-video-preview":"max-video-preview:-1"},"canonical":"https:\/\/mikarantakeisu.fi\/index.php\/ota-yhteytta\/","og_locale":"fi_FI","og_type":"article","og_title":"Ota yhteytt\u00e4 - Mikan Android blogi","og_description":"Insin\u00f6\u00f6ri Mika Rantakeisu Hopmanninkatu 5 20200 Turku, Finland Puh. +358 408480365 mika.rantakeisu1@gmail.com","og_url":"https:\/\/mikarantakeisu.fi\/index.php\/ota-yhteytta\/","og_site_name":"Mikan Android blogi","article_publisher":"https:\/\/www.facebook.com\/MikaRantakeisu\/","article_modified_time":"2025-05-28T21:21:30+00:00","og_image":[{"width":456,"height":607,"url":"https:\/\/mikarantakeisu.fi\/wp-content\/uploads\/2025\/05\/IMG_20230416_133147.jpg","type":"image\/jpeg"}],"twitter_card":"summary_large_image","schema":{"@context":"https:\/\/schema.org","@graph":[{"@type":"WebPage","@id":"https:\/\/mikarantakeisu.fi\/index.php\/ota-yhteytta\/","url":"https:\/\/mikarantakeisu.fi\/index.php\/ota-yhteytta\/","name":"Ota yhteytt\u00e4 - Mikan Android blogi","isPartOf":{"@id":"https:\/\/mikarantakeisu.fi\/#website"},"primaryImageOfPage":{"@id":"https:\/\/mikarantakeisu.fi\/index.php\/ota-yhteytta\/#primaryimage"},"image":{"@id":"https:\/\/mikarantakeisu.fi\/index.php\/ota-yhteytta\/#primaryimage"},"thumbnailUrl":"https:\/\/mikarantakeisu.fi\/wp-content\/uploads\/2025\/05\/IMG_20230416_133147.jpg","datePublished":"2025-05-27T08:11:07+00:00","dateModified":"2025-05-28T21:21:30+00:00","breadcrumb":{"@id":"https:\/\/mikarantakeisu.fi\/index.php\/ota-yhteytta\/#breadcrumb"},"inLanguage":"fi","potentialAction":[{"@type":"ReadAction","target":["https:\/\/mikarantakeisu.fi\/index.php\/ota-yhteytta\/"]}]},{"@type":"ImageObject","inLanguage":"fi","@id":"https:\/\/mikarantakeisu.fi\/index.php\/ota-yhteytta\/#primaryimage","url":"https:\/\/mikarantakeisu.fi\/wp-content\/uploads\/2025\/05\/IMG_20230416_133147.jpg","contentUrl":"https:\/\/mikarantakeisu.fi\/wp-content\/uploads\/2025\/05\/IMG_20230416_133147.jpg","width":456,"height":607},{"@type":"BreadcrumbList","@id":"https:\/\/mikarantakeisu.fi\/index.php\/ota-yhteytta\/#breadcrumb","itemListElement":[{"@type":"ListItem","position":1,"name":"Etusivu","item":"https:\/\/mikarantakeisu.fi\/"},{"@type":"ListItem","position":2,"name":"Ota yhteytt\u00e4"}]},{"@type":"WebSite","@id":"https:\/\/mikarantakeisu.fi\/#website","url":"https:\/\/mikarantakeisu.fi\/","name":"Mikan Android blogi","description":"Olen mobiilikehityksen ammattilainen. Jo vuosikymmenen kokemus mobiilikehityksest\u00e4.","publisher":{"@id":"https:\/\/mikarantakeisu.fi\/#\/schema\/person\/b54f5935be5c307dd20f4b4f31568298"},"potentialAction":[{"@type":"SearchAction","target":{"@type":"EntryPoint","urlTemplate":"https:\/\/mikarantakeisu.fi\/?s={search_term_string}"},"query-input":{"@type":"PropertyValueSpecification","valueRequired":true,"valueName":"search_term_string"}}],"inLanguage":"fi"},{"@type":["Person","Organization"],"@id":"https:\/\/mikarantakeisu.fi\/#\/schema\/person\/b54f5935be5c307dd20f4b4f31568298","name":"admin","image":{"@type":"ImageObject","inLanguage":"fi","@id":"https:\/\/mikarantakeisu.fi\/wp-content\/uploads\/2025\/05\/image-50.jpg","url":"https:\/\/mikarantakeisu.fi\/wp-content\/uploads\/2025\/05\/image-50.jpg","contentUrl":"https:\/\/mikarantakeisu.fi\/wp-content\/uploads\/2025\/05\/image-50.jpg","width":720,"height":960,"caption":"admin"},"logo":{"@id":"https:\/\/mikarantakeisu.fi\/wp-content\/uploads\/2025\/05\/image-50.jpg"},"description":"Minulla on 9 vuoden kokemus Android kehitt\u00e4misest\u00e4. Jona aikana olen toteuttanut lukuisia sovelluksia johtavana kehitt\u00e4j\u00e4. Tehden ominaisuuksia asiakkaan vaatimusten pohjalta ja ottanut monesti t\u00e4yden projekti vastuun mobiilisovelluksen kehityksest\u00e4. Android kehitys on tapahtunut Java- ja Kotlin- kielill\u00e4. Toteuttaen ominaisuuksia k\u00e4ytt\u00e4en lukuisia erilaisia kirjastoja ja pilvipalveluita FireBase Messaging, Jetpack Compose, Coroutines, Flow, Dagger2 ja ViewModel. Toiminnallisuus on tehty k\u00e4ytt\u00e4m\u00e4ll\u00e4 Android-kehityksen yleisi\u00e4 k\u00e4yt\u00e4nt\u00f6j\u00e4, suunnittelumalleja ja arkkitehtuurimalleja, kuten Observer, singleton, MVC ja MVP. Ja tied\u00e4n hyvin API-kehityksen periaatteet, kuten SOLID.","sameAs":["https:\/\/mikarantakeisu.fi","https:\/\/www.facebook.com\/MikaRantakeisu\/","https:\/\/www.instagram.com\/mikarantakeisu\/","https:\/\/fi.linkedin.com\/in\/mikarantakeisu"]}]}},"_links":{"self":[{"href":"https:\/\/mikarantakeisu.fi\/index.php\/wp-json\/wp\/v2\/pages\/47","targetHints":{"allow":["GET"]}}],"collection":[{"href":"https:\/\/mikarantakeisu.fi\/index.php\/wp-json\/wp\/v2\/pages"}],"about":[{"href":"https:\/\/mikarantakeisu.fi\/index.php\/wp-json\/wp\/v2\/types\/page"}],"author":[{"embeddable":true,"href":"https:\/\/mikarantakeisu.fi\/index.php\/wp-json\/wp\/v2\/users\/1"}],"replies":[{"embeddable":true,"href":"https:\/\/mikarantakeisu.fi\/index.php\/wp-json\/wp\/v2\/comments?post=47"}],"version-history":[{"count":4,"href":"https:\/\/mikarantakeisu.fi\/index.php\/wp-json\/wp\/v2\/pages\/47\/revisions"}],"predecessor-version":[{"id":81,"href":"https:\/\/mikarantakeisu.fi\/index.php\/wp-json\/wp\/v2\/pages\/47\/revisions\/81"}],"wp:featuredmedia":[{"embeddable":true,"href":"https:\/\/mikarantakeisu.fi\/index.php\/wp-json\/wp\/v2\/media\/65"}],"wp:attachment":[{"href":"https:\/\/mikarantakeisu.fi\/index.php\/wp-json\/wp\/v2\/media?parent=47"}],"curies":[{"name":"wp","href":"https:\/\/api.w.org\/{rel}","templated":true}]}}